{"id":6592,"date":"2015-10-21T23:22:40","date_gmt":"2015-10-21T23:22:40","guid":{"rendered":"https:\/\/webtechxchange.izseoconsulting.com\/objavite-posao\/"},"modified":"2024-09-06T14:21:53","modified_gmt":"2024-09-06T14:21:53","slug":"objavite-posao","status":"publish","type":"page","link":"https:\/\/webtechxchange.izseoconsulting.com\/sr\/objavite-posao\/","title":{"rendered":"Objavite posao"},"content":{"rendered":"\r\n\r\n<form action=\"\/sr\/wp-json\/wp\/v2\/pages\/6592\" method=\"post\" id=\"submit-job-form\" class=\"job-manager-form\" enctype=\"multipart\/form-data\">\r\n\r\n\t\r\n\t\r\n\t\t\t<fieldset>\r\n\t<div class=\"notification notice closeable margin-bottom-40\">\r\n\t\t\r\n\t\t<p><span>Imate nalog?<\/span>\r\n\r\n\t\t\t\r\n\t\t\t\tAko nemate nalog, mo\u017eete ga kreirati ispod unosom svoje adrese e-po\u0161te \/ korisni\u010dkog imena.\nDetalji o va\u0161em nalogu \u0107e biti potvr\u0111eni putem e-po\u0161te. \r\n\t\t\t\t\t<\/p> \r\n\t\t<a class=\"button\" href=\"https:\/\/webtechxchange.izseoconsulting.com\/dashboard-page\/\">Upi\u0161i se<\/a>\r\n\t<\/div>\r\n\t<\/fieldset>\r\n\t\t\t\t<fieldset class=\"fieldset-create_account_email\">\r\n\t\t\t\t<label\r\n\t\t\t\t\tfor=\"create_account_email\">Va\u0161 email<\/label>\r\n\t\t\t\t<div class=\"field required-field\">\r\n\t\t\t\t\t<input type=\"text\" class=\"input-text\" name=\"create_account_email\" id=\"create_account_email\" placeholder=\"you@yourdomain.com\" value=\"\" maxlength=\"\" required \/>\n\t\t\t\t<\/div>\r\n\t\t\t<\/fieldset>\r\n\t\t\t\r\n\r\n\t\r\n\t<div class=\"dashboard-list-box job-fields-submit-form \">\r\n\t\t<div class=\"dashboard-box\">\r\n\r\n\t\t\t<div class=\"headline\">\r\n\t\t\t\t<h3><i class=\"icon-feather-folder-plus\"><\/i> Formular za dodavanje posla<\/h3>\r\n\t\t\t<\/div>\r\n\t\t\t\t\t\t\t<div class=\"submit-page\">\r\n\t\t\t\t\t<!-- Job Information Fields -->\r\n\t\t\t\t\t\r\n\t\t\t\t\t\t\t\t\t\t\t<fieldset class=\"form fieldset-job_title\">\r\n\t\t\t\t\t\t\t<label for=\"job_title\">Naziv posla<\/label>\r\n\t\t\t\t\t\t\t<div class=\"field required-field\">\r\n\t\t\t\t\t\t\t\t<input type=\"text\" class=\"input-text\" name=\"job_title\" id=\"job_title\" placeholder=\"\" value=\"\" maxlength=\"\" required \/>\n\t\t\t\t\t\t\t<\/div>\r\n\t\t\t\t\t\t<\/fieldset>\r\n\t\t\t\t\t\t\t\t\t\t\t<fieldset class=\"form fieldset-job_location\">\r\n\t\t\t\t\t\t\t<label for=\"job_location\">Lokacija <small>(opciono)<\/small><\/label>\r\n\t\t\t\t\t\t\t<div class=\"field \">\r\n\t\t\t\t\t\t\t\t<input type=\"text\" class=\"input-text\" name=\"job_location\" id=\"job_location\" placeholder=\"npr. &quot;London&quot;\" value=\"\" maxlength=\"\"  \/>\n\t\t<!-- <a href=\"#\"><i title=\"Prona\u0111i moju lokaciju\" class=\"tooltip left la la-map-marked-alt\"><\/i><\/a> -->\n        <span class=\"type-and-hit-enter\">Otkucajte i pritisnite enter<\/span>     <small class=\"description\">Ostavite ovo prazno ako lokacija nije va\u017ena<\/small>\t\t\t\t\t\t\t<\/div>\r\n\t\t\t\t\t\t<\/fieldset>\r\n\t\t\t\t\t\t\t\t\t\t\t<fieldset class=\"form fieldset-remote_position\">\r\n\t\t\t\t\t\t\t<label for=\"remote_position\">Udaljena pozicija <small>(opciono)<\/small><\/label>\r\n\t\t\t\t\t\t\t<div class=\"field \">\r\n\t\t\t\t\t\t\t\t<input type=\"checkbox\" class=\"input-checkbox\" name=\"remote_position\" id=\"remote_position\"  value=\"1\"  \/>\n<label for=\"remote_position\" class=\"description\">Izaberite da li je ovo udaljena pozicija.<\/label>\t\t\t\t\t\t\t<\/div>\r\n\t\t\t\t\t\t<\/fieldset>\r\n\t\t\t\t\t\t\t\t\t\t\t<fieldset class=\"form fieldset-job_type\">\r\n\t\t\t\t\t\t\t<label for=\"job_type\">Vrsta posla<\/label>\r\n\t\t\t\t\t\t\t<div class=\"field required-field\">\r\n\t\t\t\t\t\t\t\t<select  name='job_type' id='job_type' class='select2-single'>\n\t<option class=\"level-0\" value=\"133\">Contract<\/option>\n\t<option class=\"level-0\" value=\"5\">Freelance<\/option>\n\t<option class=\"level-0\" value=\"2\" selected=\"selected\">Full Time<\/option>\n\t<option class=\"level-0\" value=\"128\">Hybrid Jobs<\/option>\n\t<option class=\"level-0\" value=\"6\">Internship<\/option>\n\t<option class=\"level-0\" value=\"3\">Part Time<\/option>\n\t<option class=\"level-0\" value=\"4\">Temporary<\/option>\n<\/select>\n\t\t\t\t\t\t\t<\/div>\r\n\t\t\t\t\t\t<\/fieldset>\r\n\t\t\t\t\t\t\t\t\t\t\t<fieldset class=\"form fieldset-job_tags\">\r\n\t\t\t\t\t\t\t<label for=\"job_tags\">Oznake posla <small>(opciono)<\/small><\/label>\r\n\t\t\t\t\t\t\t<div class=\"field \">\r\n\t\t\t\t\t\t\t\t<input type=\"text\" class=\"input-text\" name=\"job_tags\" id=\"job_tags\" placeholder=\"npr. PHP, Social Media, Management\" value=\"\" maxlength=\"\"  \/>\n<small class=\"description\">Oznake odvojene zarezima, kao \u0161to su potrebne ve\u0161tine ili tehnologije, za ovaj posao.<\/small>\t\t\t\t\t\t\t<\/div>\r\n\t\t\t\t\t\t<\/fieldset>\r\n\t\t\t\t\t\t\t\t\t\t\t<fieldset class=\"form fieldset-job_category\">\r\n\t\t\t\t\t\t\t<label for=\"job_category\">Kategorija posla<\/label>\r\n\t\t\t\t\t\t\t<div class=\"field required-field\">\r\n\t\t\t\t\t\t\t\t<select name='job_category[]' id='job_category' class='job-manager-category-dropdown ' multiple='multiple' data-placeholder='Izaberite kategoriju...' data-no_results_text='Nema rezultata utakmice' data-multiple_text='Izaberite neke opcije'>\n\t<option class=\"level-0\" value=\"121\">Back-end Development<\/option>\n\t<option class=\"level-0\" value=\"126\">Content Write<\/option>\n\t<option class=\"level-0\" value=\"142\">Data &amp; Analytics<\/option>\n\t<option class=\"level-0\" value=\"137\">Digital Marketing<\/option>\n\t<option class=\"level-0\" value=\"120\">Front-end Development<\/option>\n\t<option class=\"level-0\" value=\"122\">Full Stack Development<\/option>\n\t<option class=\"level-0\" value=\"143\">Graphic Design<\/option>\n\t<option class=\"level-0\" value=\"140\">IT Support &amp; Infrastructure<\/option>\n\t<option class=\"level-0\" value=\"141\">Mobile &amp; Application Development<\/option>\n\t<option class=\"level-0\" value=\"139\">Project Management &amp; Analysis<\/option>\n\t<option class=\"level-0\" value=\"138\">SEO<\/option>\n\t<option class=\"level-0\" value=\"123\">UI\/UX Design<\/option>\n\t<option class=\"level-0\" value=\"124\">Web Design<\/option>\n\t<option class=\"level-0\" value=\"136\">Web Development<\/option>\n<\/select>\n\t\t\t\t\t\t\t<\/div>\r\n\t\t\t\t\t\t<\/fieldset>\r\n\t\t\t\t\t\t\t\t\t\t\t<fieldset class=\"form fieldset-job_description\">\r\n\t\t\t\t\t\t\t<label for=\"job_description\">Opis<\/label>\r\n\t\t\t\t\t\t\t<div class=\"field required-field\">\r\n\t\t\t\t\t\t\t\t<div id=\"wp-job_description-wrap\" class=\"wp-core-ui wp-editor-wrap tmce-active\"><link rel='stylesheet' id='dashicons-css' href='https:\/\/webtechxchange.izseoconsulting.com\/wp-includes\/css\/dashicons.min.css?ver=6.7.5' type='text\/css' media='all' \/>\n<link rel='stylesheet' id='editor-buttons-css' href='https:\/\/webtechxchange.izseoconsulting.com\/wp-includes\/css\/editor.min.css?ver=6.7.5' type='text\/css' media='all' \/>\n<style> .mce-top-part button { background-color: rgba(0,0,0,0.0) !important; } <\/style>\n<div id=\"wp-job_description-editor-container\" class=\"wp-editor-container\"><textarea class=\"wp-editor-area\" rows=\"8\" autocomplete=\"off\" cols=\"40\" name=\"job_description\" id=\"job_description\"><\/textarea><\/div>\n<\/div>\n\n\t\t\t\t\t\t\t<\/div>\r\n\t\t\t\t\t\t<\/fieldset>\r\n\t\t\t\t\t\t\t\t\t\t\t<fieldset class=\"form fieldset-job_deadline\">\r\n\t\t\t\t\t\t\t<label for=\"job_deadline\">Datum zavr\u0161etka <small>(opciono)<\/small><\/label>\r\n\t\t\t\t\t\t\t<div class=\"field \">\r\n\t\t\t\t\t\t\t\t<input type=\"text\" class=\"input-date job-manager-datepicker\" name=\"job_deadline\" id=\"job_deadline\" placeholder=\"\" value=\"\"  \/>\n<small class=\"description\">Deadline for new applicants. The listing will end automatically after this date.<\/small>\t\t\t\t\t\t\t<\/div>\r\n\t\t\t\t\t\t<\/fieldset>\r\n\t\t\t\t\t\t\t\t\t\t\t<fieldset class=\"form fieldset-application\">\r\n\t\t\t\t\t\t\t<label for=\"application\">E-mail \/ URL aplikacije<\/label>\r\n\t\t\t\t\t\t\t<div class=\"field required-field\">\r\n\t\t\t\t\t\t\t\t<input type=\"text\" class=\"input-text\" name=\"application\" id=\"application\" placeholder=\"Unesite adresu e-po\u0161te ili URL veb lokacije\" value=\"\" maxlength=\"\" required \/>\n\t\t\t\t\t\t\t<\/div>\r\n\t\t\t\t\t\t<\/fieldset>\r\n\t\t\t\t\t\t\t\t\t\t\t<fieldset class=\"form fieldset-apply_link\">\r\n\t\t\t\t\t\t\t<label for=\"apply_link\">Eksterni link &quot;Prijavi se za posao&quot; <small>(opciono)<\/small><\/label>\r\n\t\t\t\t\t\t\t<div class=\"field \">\r\n\t\t\t\t\t\t\t\t<input type=\"text\" class=\"input-text\" name=\"apply_link\" id=\"apply_link\" placeholder=\"http:\/\/\" value=\"\" maxlength=\"\"  \/>\n\t\t\t\t\t\t\t<\/div>\r\n\t\t\t\t\t\t<\/fieldset>\r\n\t\t\t\t\t\t\t\t\t\t\t<fieldset class=\"form fieldset-header_image\">\r\n\t\t\t\t\t\t\t<label for=\"header_image\">Slika zaglavlja <small>(opciono)<\/small><\/label>\r\n\t\t\t\t\t\t\t<div class=\"field \">\r\n\t\t\t\t\t\t\t\t\n<label class=\"fake-upload-btn no_ajax\">\n\t<div class=\"job-manager-uploaded-files\">\n\t\t\t<\/div>\n\t<input type=\"file\" class=\"ws-file-upload input-text\" data-file_types=\"jpg|jpeg|gif|png\"  name=\"header_image\" id=\"header_image\" placeholder=\"\" \/>\n    <div  class=\"upload-btn\"><i class=\"fa fa-upload\"><\/i> Otpremi<\/div>\n<\/label>\n\n\n\n<small class=\"description\">\n\t\t\tMaksimalna veli\u010dina datoteke: 60 MB.\t<\/small>\t\t\t\t\t\t\t<\/div>\r\n\t\t\t\t\t\t<\/fieldset>\r\n\t\t\t\t\t\r\n\t\t\t\t\t\r\n\t\t\t\t\t<!-- Company Information Fields -->\r\n\t\t\t\t\t\t\t\t\t<\/div>\r\n\t\t<\/div>\r\n\t<\/div>\r\n\t<div class=\"dashboard-list-box margin-top-0  company-fields-submit-form\">\r\n\t\t<div class=\"dashboard-box  margin-top-0\">\r\n\t\t\t<div class=\"headline\">\r\n\t\t\t\t<h3><i class=\"icon-material-outline-business-center\"><\/i>\r\n\t\t\t\t\t\t\t\t\t\t\tDetalji kompanije\t\t\t\t\t\t\t\t\t<\/h3>\r\n\t\t\t<\/div>\r\n\t\t\t<div class=\"submit-page\">\r\n\t\t\t\t\r\n\t\t\t\t\t\t\t\t\t<fieldset class=\"form fieldset-company_id\">\r\n\t\t\t\t\t\t<label for=\"company_id\">Company<\/label>\r\n\t\t\t\t\t\t<div class=\"field required-field\">\r\n\t\t\t\t\t\t\t<select class=\"select2-single\" name=\"company_id\" id=\"company_id\" required>\n\t\t\t<option value=\"\" >User Not Logged In<\/option>\n\t<\/select>\n\t\t\t\t\t\t<\/div>\r\n\r\n\t\t\t\t\t<\/fieldset>\r\n\t\t\t\t\r\n\t\t\t\t\t\t\t\t\t\t\t\r\n\t\t\t\r\n\r\n\r\n\t\t\t\t\t<\/div>\r\n\t\t<\/div>\r\n\r\n\t<\/div>\r\n\t<p class=\"send-btn-border\">\r\n\t\t<input type=\"hidden\" name=\"job_manager_form\" value=\"submit-job\" \/>\r\n\t\t<input type=\"hidden\" name=\"job_id\" value=\"0\" \/>\r\n\r\n\t\t<input type=\"hidden\" name=\"step\" value=\"0\" \/>\r\n\t\t<input type=\"submit\" name=\"submit_job\" class=\"button big\" value=\"Pregled\" \/>\r\n\r\n\t\t<input type=\"submit\" name=\"save_draft\" class=\"button secondary save_draft\" value=\"Sa\u010duvaj nacrt\" formnovalidate \/>\r\n\t\t<span class=\"spinner\"><\/span>\r\n\t<\/p>\r\n<\/form>\n","protected":false},"excerpt":{"rendered":"","protected":false},"author":1,"featured_media":0,"parent":0,"menu_order":0,"comment_status":"closed","ping_status":"closed","template":"template-dashboard.php","meta":{"_acf_changed":false,"_monsterinsights_skip_tracking":false,"_monsterinsights_sitenote_active":false,"_monsterinsights_sitenote_note":"","_monsterinsights_sitenote_category":0,"_uf_show_specific_survey":0,"_uf_disable_surveys":false,"footnotes":""},"class_list":["post-6592","page","type-page","status-publish","hentry"],"acf":[],"yoast_head":"<!-- This site is optimized with the Yoast SEO plugin v24.0 - https:\/\/yoast.com\/wordpress\/plugins\/seo\/ -->\n<title>Objavite posao - WebTech Xchange<\/title>\n<meta name=\"robots\" content=\"noindex, follow, max-snippet:-1, max-image-preview:large, max-video-preview:-1\" \/>\n<meta property=\"og:locale\" content=\"sr_RS\" \/>\n<meta property=\"og:type\" content=\"article\" \/>\n<meta property=\"og:title\" content=\"Objavite posao - WebTech Xchange\" \/>\n<meta property=\"og:url\" content=\"https:\/\/webtechxchange.izseoconsulting.com\/sr\/objavite-posao\/\" \/>\n<meta property=\"og:site_name\" content=\"WebTech Xchange\" \/>\n<meta property=\"article:modified_time\" content=\"2024-09-06T14:21:53+00:00\" \/>\n<meta name=\"twitter:card\" content=\"summary_large_image\" \/>\n<meta name=\"twitter:label1\" content=\"Est. reading time\" \/>\n\t<meta name=\"twitter:data1\" content=\"1 minut\" \/>\n<script type=\"application\/ld+json\" class=\"yoast-schema-graph\">{\"@context\":\"https:\/\/schema.org\",\"@graph\":[{\"@type\":\"WebPage\",\"@id\":\"https:\/\/webtechxchange.izseoconsulting.com\/sr\/objavite-posao\/\",\"url\":\"https:\/\/webtechxchange.izseoconsulting.com\/sr\/objavite-posao\/\",\"name\":\"Objavite posao - WebTech Xchange\",\"isPartOf\":{\"@id\":\"https:\/\/webtechxchange.izseoconsulting.com\/#website\"},\"datePublished\":\"2015-10-21T23:22:40+00:00\",\"dateModified\":\"2024-09-06T14:21:53+00:00\",\"breadcrumb\":{\"@id\":\"https:\/\/webtechxchange.izseoconsulting.com\/sr\/objavite-posao\/#breadcrumb\"},\"inLanguage\":\"sr-RS\",\"potentialAction\":[{\"@type\":\"ReadAction\",\"target\":[\"https:\/\/webtechxchange.izseoconsulting.com\/sr\/objavite-posao\/\"]}]},{\"@type\":\"BreadcrumbList\",\"@id\":\"https:\/\/webtechxchange.izseoconsulting.com\/sr\/objavite-posao\/#breadcrumb\",\"itemListElement\":[{\"@type\":\"ListItem\",\"position\":1,\"name\":\"Po\u010detna\",\"item\":\"https:\/\/webtechxchange.izseoconsulting.com\/sr\/\"},{\"@type\":\"ListItem\",\"position\":2,\"name\":\"Objavite posao\"}]},{\"@type\":\"WebSite\",\"@id\":\"https:\/\/webtechxchange.izseoconsulting.com\/#website\",\"url\":\"https:\/\/webtechxchange.izseoconsulting.com\/\",\"name\":\"WebTech Xchange\",\"description\":\"\",\"potentialAction\":[{\"@type\":\"SearchAction\",\"target\":{\"@type\":\"EntryPoint\",\"urlTemplate\":\"https:\/\/webtechxchange.izseoconsulting.com\/?s={search_term_string}\"},\"query-input\":{\"@type\":\"PropertyValueSpecification\",\"valueRequired\":true,\"valueName\":\"search_term_string\"}}],\"inLanguage\":\"sr-RS\"}]}<\/script>\n<!-- \/ Yoast SEO plugin. -->","yoast_head_json":{"title":"Objavite posao - WebTech Xchange","robots":{"index":"noindex","follow":"follow","max-snippet":"max-snippet:-1","max-image-preview":"max-image-preview:large","max-video-preview":"max-video-preview:-1"},"og_locale":"sr_RS","og_type":"article","og_title":"Objavite posao - WebTech Xchange","og_url":"https:\/\/webtechxchange.izseoconsulting.com\/sr\/objavite-posao\/","og_site_name":"WebTech Xchange","article_modified_time":"2024-09-06T14:21:53+00:00","twitter_card":"summary_large_image","twitter_misc":{"Est. reading time":"1 minut"},"schema":{"@context":"https:\/\/schema.org","@graph":[{"@type":"WebPage","@id":"https:\/\/webtechxchange.izseoconsulting.com\/sr\/objavite-posao\/","url":"https:\/\/webtechxchange.izseoconsulting.com\/sr\/objavite-posao\/","name":"Objavite posao - WebTech Xchange","isPartOf":{"@id":"https:\/\/webtechxchange.izseoconsulting.com\/#website"},"datePublished":"2015-10-21T23:22:40+00:00","dateModified":"2024-09-06T14:21:53+00:00","breadcrumb":{"@id":"https:\/\/webtechxchange.izseoconsulting.com\/sr\/objavite-posao\/#breadcrumb"},"inLanguage":"sr-RS","potentialAction":[{"@type":"ReadAction","target":["https:\/\/webtechxchange.izseoconsulting.com\/sr\/objavite-posao\/"]}]},{"@type":"BreadcrumbList","@id":"https:\/\/webtechxchange.izseoconsulting.com\/sr\/objavite-posao\/#breadcrumb","itemListElement":[{"@type":"ListItem","position":1,"name":"Po\u010detna","item":"https:\/\/webtechxchange.izseoconsulting.com\/sr\/"},{"@type":"ListItem","position":2,"name":"Objavite posao"}]},{"@type":"WebSite","@id":"https:\/\/webtechxchange.izseoconsulting.com\/#website","url":"https:\/\/webtechxchange.izseoconsulting.com\/","name":"WebTech Xchange","description":"","potentialAction":[{"@type":"SearchAction","target":{"@type":"EntryPoint","urlTemplate":"https:\/\/webtechxchange.izseoconsulting.com\/?s={search_term_string}"},"query-input":{"@type":"PropertyValueSpecification","valueRequired":true,"valueName":"search_term_string"}}],"inLanguage":"sr-RS"}]}},"_links":{"self":[{"href":"https:\/\/webtechxchange.izseoconsulting.com\/sr\/wp-json\/wp\/v2\/pages\/6592","targetHints":{"allow":["GET"]}}],"collection":[{"href":"https:\/\/webtechxchange.izseoconsulting.com\/sr\/wp-json\/wp\/v2\/pages"}],"about":[{"href":"https:\/\/webtechxchange.izseoconsulting.com\/sr\/wp-json\/wp\/v2\/types\/page"}],"author":[{"embeddable":true,"href":"https:\/\/webtechxchange.izseoconsulting.com\/sr\/wp-json\/wp\/v2\/users\/1"}],"replies":[{"embeddable":true,"href":"https:\/\/webtechxchange.izseoconsulting.com\/sr\/wp-json\/wp\/v2\/comments?post=6592"}],"version-history":[{"count":1,"href":"https:\/\/webtechxchange.izseoconsulting.com\/sr\/wp-json\/wp\/v2\/pages\/6592\/revisions"}],"predecessor-version":[{"id":6593,"href":"https:\/\/webtechxchange.izseoconsulting.com\/sr\/wp-json\/wp\/v2\/pages\/6592\/revisions\/6593"}],"wp:attachment":[{"href":"https:\/\/webtechxchange.izseoconsulting.com\/sr\/wp-json\/wp\/v2\/media?parent=6592"}],"curies":[{"name":"wp","href":"https:\/\/api.w.org\/{rel}","templated":true}]}}