{"id":6603,"date":"2015-10-21T23:53:59","date_gmt":"2015-10-21T23:53:59","guid":{"rendered":"https:\/\/webtechxchange.izseoconsulting.com\/posalji-rezime\/"},"modified":"2024-09-05T12:45:26","modified_gmt":"2024-09-05T12:45:26","slug":"posalji-rezime","status":"publish","type":"page","link":"https:\/\/webtechxchange.izseoconsulting.com\/sr\/posalji-rezime\/","title":{"rendered":"Dodajte biografiju"},"content":{"rendered":"<form action=\"\/sr\/wp-json\/wp\/v2\/pages\/6603\" method=\"post\" id=\"submit-resume-form\" class=\"job-manager-form\" enctype=\"multipart\/form-data\">\r\n\r\n\t<input type=\"hidden\" id=\"_wpjm_nonce\" name=\"_wpjm_nonce\" value=\"db96a835f4\" \/><input type=\"hidden\" name=\"_wp_http_referer\" value=\"\/sr\/wp-json\/wp\/v2\/pages\/6603\" \/>\r\n\t\r\n\t\t\t<div class=\"notification notice closeable margin-bottom-40\">\n\t\t\n\t\t\n\t\t\t\n\t\t\t<p><span>Imate nalog?<\/span>\n\t\t\t\n\t\t\t\tAko nemate nalog, mo\u017eete ga kreirati ispod unosom svoje adrese e-po\u0161te.\nLozinka \u0107e vam biti automatski poslata e-po\u0161tom. \n\t\t\t\t\t<\/p>\n\t\t<a class=\"button\" href=\"https:\/\/webtechxchange.izseoconsulting.com\/dashboard-page\/\">Upi\u0161i se<\/a>\n\t<\/div>\n\t\t\n\n\r\n\t\r\n\t\r\n\t\t\r\n\t\t<!-- Resume Fields -->\r\n\t\t\t\t<div class=\"dashboard-list-box\">\r\n\t\t\t<div class=\"dashboard-box\">\r\n\t\t\t\t<div class=\"headline\">\r\n\t\t\t\t\t<h3><i class=\"icon-feather-folder-plus\"><\/i> Formular za dodavanje biografije<\/h3>\r\n\t\t\t\t<\/div>\r\n\t\t\t\t<div class=\"submit-page\">\r\n\t\t\t\t\t\t\t\t\t\t\t\r\n\t\t\t\t\t\t<fieldset class=\"form  fieldset-candidate_name\">\r\n\t\t\t\t\t\t\t<label for=\"candidate_name\">Va\u0161e ime<\/label>\r\n\t\t\t\t\t\t\t<div class=\"field\">\r\n\t\t\t\t\t\t\t\t<input type=\"text\" class=\"input-text\" name=\"candidate_name\" id=\"candidate_name\" placeholder=\"Your full name\" value=\"\" maxlength=\"\" required \/>\n\t\t\t\t\t\t\t<\/div>\r\n\t\t\t\t\t\t<\/fieldset>\r\n\t\t\t\t\t\t\t\t\t\t\t\r\n\t\t\t\t\t\t<fieldset class=\"form  fieldset-candidate_email\">\r\n\t\t\t\t\t\t\t<label for=\"candidate_email\">Va\u0161 email<\/label>\r\n\t\t\t\t\t\t\t<div class=\"field\">\r\n\t\t\t\t\t\t\t\t<input type=\"text\" class=\"input-text\" name=\"candidate_email\" id=\"candidate_email\" placeholder=\"you@yourdomain.com\" value=\"\" maxlength=\"\" required \/>\n\t\t\t\t\t\t\t<\/div>\r\n\t\t\t\t\t\t<\/fieldset>\r\n\t\t\t\t\t\t\t\t\t\t\t\r\n\t\t\t\t\t\t<fieldset class=\"form  fieldset-candidate_title\">\r\n\t\t\t\t\t\t\t<label for=\"candidate_title\">Stru\u010dno zvanje<\/label>\r\n\t\t\t\t\t\t\t<div class=\"field\">\r\n\t\t\t\t\t\t\t\t<input type=\"text\" class=\"input-text\" name=\"candidate_title\" id=\"candidate_title\" placeholder=\"npr. &quot;Web Developer&quot;\" value=\"\" maxlength=\"\" required \/>\n\t\t\t\t\t\t\t<\/div>\r\n\t\t\t\t\t\t<\/fieldset>\r\n\t\t\t\t\t\t\t\t\t\t\t\r\n\t\t\t\t\t\t<fieldset class=\"form  fieldset-candidate_location\">\r\n\t\t\t\t\t\t\t<label for=\"candidate_location\">Lokacija<\/label>\r\n\t\t\t\t\t\t\t<div class=\"field\">\r\n\t\t\t\t\t\t\t\t<input type=\"text\" class=\"input-text\" name=\"candidate_location\" id=\"candidate_location\" placeholder=\"npr. &quot;London, UK&quot;, &quot;New York&quot;, &quot;Houston, TX&quot;\" value=\"\" maxlength=\"\" required \/>\n\t\t<!-- <a href=\"#\"><i title=\"Prona\u0111i moju lokaciju\" class=\"tooltip left la la-map-marked-alt\"><\/i><\/a> -->\n        <span class=\"type-and-hit-enter\">Otkucajte i pritisnite enter<\/span>     \t\t\t\t\t\t\t<\/div>\r\n\t\t\t\t\t\t<\/fieldset>\r\n\t\t\t\t\t\t\t\t\t\t\t\r\n\t\t\t\t\t\t<fieldset class=\"form  fieldset-candidate_photo\">\r\n\t\t\t\t\t\t\t<label for=\"candidate_photo\">Slika <small>(opciono)<\/small><\/label>\r\n\t\t\t\t\t\t\t<div class=\"field\">\r\n\t\t\t\t\t\t\t\t\n<label class=\"fake-upload-btn no_ajax\">\n\t<div class=\"job-manager-uploaded-files\">\n\t\t\t<\/div>\n\t<input type=\"file\" class=\"ws-file-upload input-text\" data-file_types=\"jpg|jpeg|gif|png\"  name=\"candidate_photo\" id=\"candidate_photo\" placeholder=\"\" \/>\n    <div  class=\"upload-btn\"><i class=\"fa fa-upload\"><\/i> Otpremi<\/div>\n<\/label>\n\n\n\n<small class=\"description\">\n\t\t\tMaksimalna veli\u010dina datoteke: 60 MB.\t<\/small>\t\t\t\t\t\t\t<\/div>\r\n\t\t\t\t\t\t<\/fieldset>\r\n\t\t\t\t\t\t\t\t\t\t\t\r\n\t\t\t\t\t\t<fieldset class=\"form  fieldset-candidate_video\">\r\n\t\t\t\t\t\t\t<label for=\"candidate_video\">Video <small>(opciono)<\/small><\/label>\r\n\t\t\t\t\t\t\t<div class=\"field\">\r\n\t\t\t\t\t\t\t\t<input type=\"text\" class=\"input-text\" name=\"candidate_video\" id=\"candidate_video\" placeholder=\"Link do videa o sebi\" value=\"\" maxlength=\"\"  \/>\n\t\t\t\t\t\t\t<\/div>\r\n\t\t\t\t\t\t<\/fieldset>\r\n\t\t\t\t\t\t\t\t\t\t\t\r\n\t\t\t\t\t\t<fieldset class=\"form  fieldset-resume_category\">\r\n\t\t\t\t\t\t\t<label for=\"resume_category\">Kategorija biografije<\/label>\r\n\t\t\t\t\t\t\t<div class=\"field\">\r\n\t\t\t\t\t\t\t\t<select name='resume_category[]' id='resume_category' class='job-manager-category-dropdown ' multiple='multiple' data-placeholder='Izaberite kategoriju...' data-no_results_text='Nema rezultata utakmice' data-multiple_text='Izaberite neke opcije'>\n\t<option class=\"level-0\" value=\"148\">Back-end Developer<\/option>\n\t<option class=\"level-0\" value=\"149\">Content Writer<\/option>\n\t<option class=\"level-0\" value=\"150\">Data &amp; Analytics<\/option>\n\t<option class=\"level-0\" value=\"151\">Digital Marketing<\/option>\n\t<option class=\"level-0\" value=\"152\">Front-end Developer<\/option>\n\t<option class=\"level-0\" value=\"153\">Full Stack Developer<\/option>\n\t<option class=\"level-0\" value=\"154\">Graphic Designer<\/option>\n\t<option class=\"level-0\" value=\"155\">IT Support &amp; Infrastructure<\/option>\n\t<option class=\"level-0\" value=\"156\">Mobile &amp; Application Development<\/option>\n\t<option class=\"level-0\" value=\"157\">Project Management &amp; Analysis<\/option>\n\t<option class=\"level-0\" value=\"158\">SEO<\/option>\n\t<option class=\"level-0\" value=\"159\">UI\/UX Designer \/ Graphic Designer<\/option>\n\t<option class=\"level-0\" value=\"160\">Web Designer<\/option>\n\t<option class=\"level-0\" value=\"161\">Web Developer<\/option>\n<\/select>\n\t\t\t\t\t\t\t<\/div>\r\n\t\t\t\t\t\t<\/fieldset>\r\n\t\t\t\t\t\t\t\t\t\t\t\r\n\t\t\t\t\t\t<fieldset class=\"form  fieldset-rate_min\">\r\n\t\t\t\t\t\t\t<label for=\"rate_min\">Minimalna stopa \/ h () <small>(opciono)<\/small><\/label>\r\n\t\t\t\t\t\t\t<div class=\"field\">\r\n\t\t\t\t\t\t\t\t<input type=\"text\" class=\"input-text\" name=\"rate_min\" id=\"rate_min\" placeholder=\"npr. 20\" value=\"\" maxlength=\"\"  \/>\n\t\t\t\t\t\t\t<\/div>\r\n\t\t\t\t\t\t<\/fieldset>\r\n\t\t\t\t\t\t\t\t\t\t\t\r\n\t\t\t\t\t\t<fieldset class=\"form  fieldset-resume_content\">\r\n\t\t\t\t\t\t\t<label for=\"resume_content\">Sadr\u017eaj biografije<\/label>\r\n\t\t\t\t\t\t\t<div class=\"field\">\r\n\t\t\t\t\t\t\t\t<div id=\"wp-resume_content-wrap\" class=\"wp-core-ui wp-editor-wrap tmce-active\"><link rel='stylesheet' id='dashicons-css' href='https:\/\/webtechxchange.izseoconsulting.com\/wp-includes\/css\/dashicons.min.css?ver=6.7.5' type='text\/css' media='all' \/>\n<link rel='stylesheet' id='editor-buttons-css' href='https:\/\/webtechxchange.izseoconsulting.com\/wp-includes\/css\/editor.min.css?ver=6.7.5' type='text\/css' media='all' \/>\n<style> .mce-top-part button { background-color: rgba(0,0,0,0.0) !important; } <\/style>\n<div id=\"wp-resume_content-editor-container\" class=\"wp-editor-container\"><textarea class=\"wp-editor-area\" rows=\"8\" autocomplete=\"off\" cols=\"40\" name=\"resume_content\" id=\"resume_content\"><\/textarea><\/div>\n<\/div>\n\n\t\t\t\t\t\t\t<\/div>\r\n\t\t\t\t\t\t<\/fieldset>\r\n\t\t\t\t\t\t\t\t\t\t\t\r\n\t\t\t\t\t\t<fieldset class=\"form  fieldset-resume_skills\">\r\n\t\t\t\t\t\t\t<label for=\"resume_skills\">Ve\u0161tine <small>(opciono)<\/small><\/label>\r\n\t\t\t\t\t\t\t<div class=\"field\">\r\n\t\t\t\t\t\t\t\t<input type=\"text\" class=\"input-text\" name=\"resume_skills\" id=\"resume_skills\" placeholder=\"Zarezom odvojite listu relevantnih ve\u0161tina\" value=\"\" maxlength=\"\"  \/>\n\t\t\t\t\t\t\t<\/div>\r\n\t\t\t\t\t\t<\/fieldset>\r\n\t\t\t\t\t\t\t\t\t\t\t\r\n\t\t\t\t\t\t<fieldset class=\"form with-line fieldset-links\">\r\n\t\t\t\t\t\t\t<label for=\"links\">URL(s) <small>(opciono)<\/small><\/label>\r\n\t\t\t\t\t\t\t<div class=\"field\">\r\n\t\t\t\t\t\t\t\t\n<a href=\"#\" class=\"resume-manager-add-row\" data-row=\"\n\t\t&lt;div class=&quot;resume-manager-data-row&quot;&gt;\n\t\t\t&lt;input type=&quot;hidden&quot; class=&quot;repeated-row-index&quot; name=&quot;repeated-row-links[]&quot; value=&quot;%%repeated-row-index%%&quot; \/&gt;\n\t\t\t&lt;a href=&quot;#&quot; class=&quot;resume-manager-remove-row&quot;&gt;&lt;i class=&quot;fa fa-close&quot;&gt;&lt;\/i&gt;&lt;\/a&gt;\n\t\t\t\t\t\t\t&lt;fieldset class=&quot;fieldset-name&quot;&gt;\n\t\t\t\t\t&lt;label for=&quot;name&quot;&gt;Ime&lt;\/label&gt;\n\t\t\t\t\t&lt;div class=&quot;field&quot;&gt;\n\t\t\t\t\t\t&lt;input type=&quot;text&quot; class=&quot;input-text&quot; name=&quot;links_name_%%repeated-row-index%%&quot; id=&quot;name&quot; placeholder=&quot;&quot; value=&quot;&quot; maxlength=&quot;&quot; required \/&gt;\n\t\t\t\t\t&lt;\/div&gt;\n\t\t\t\t&lt;\/fieldset&gt;\n\t\t\t\t\t\t\t&lt;fieldset class=&quot;fieldset-url&quot;&gt;\n\t\t\t\t\t&lt;label for=&quot;url&quot;&gt;URL&lt;\/label&gt;\n\t\t\t\t\t&lt;div class=&quot;field&quot;&gt;\n\t\t\t\t\t\t&lt;input type=&quot;text&quot; class=&quot;input-text&quot; name=&quot;links_url_%%repeated-row-index%%&quot; id=&quot;url&quot; placeholder=&quot;&quot; value=&quot;&quot; maxlength=&quot;&quot; required \/&gt;\n\t\t\t\t\t&lt;\/div&gt;\n\t\t\t\t&lt;\/fieldset&gt;\n\t\t\t\t\t&lt;\/div&gt;\n\t\t\">+ Dodajte URL<\/a>\n\t<small class=\"description\">Opciono navedite veze do bilo koje va\u0161e web stranice ili profila dru\u0161tvenih mre\u017ea.<\/small>\t\t\t\t\t\t\t<\/div>\r\n\t\t\t\t\t\t<\/fieldset>\r\n\t\t\t\t\t\t\t\t\t\t\t\r\n\t\t\t\t\t\t<fieldset class=\"form with-line fieldset-candidate_education\">\r\n\t\t\t\t\t\t\t<label for=\"candidate_education\">Obrazovanje <small>(opciono)<\/small><\/label>\r\n\t\t\t\t\t\t\t<div class=\"field\">\r\n\t\t\t\t\t\t\t\t\n<a href=\"#\" class=\"resume-manager-add-row\" data-row=\"\n\t\t&lt;div class=&quot;resume-manager-data-row&quot;&gt;\n\t\t\t&lt;input type=&quot;hidden&quot; class=&quot;repeated-row-index&quot; name=&quot;repeated-row-candidate_education[]&quot; value=&quot;%%repeated-row-index%%&quot; \/&gt;\n\t\t\t&lt;a href=&quot;#&quot; class=&quot;resume-manager-remove-row&quot;&gt;&lt;i class=&quot;fa fa-close&quot;&gt;&lt;\/i&gt;&lt;\/a&gt;\n\t\t\t\t\t\t\t&lt;fieldset class=&quot;fieldset-location&quot;&gt;\n\t\t\t\t\t&lt;label for=&quot;location&quot;&gt;Institucija&lt;\/label&gt;\n\t\t\t\t\t&lt;div class=&quot;field&quot;&gt;\n\t\t\t\t\t\t&lt;input type=&quot;text&quot; class=&quot;input-text&quot; name=&quot;candidate_education_location_%%repeated-row-index%%&quot; id=&quot;location&quot; placeholder=&quot;&quot; value=&quot;&quot; maxlength=&quot;&quot; required \/&gt;\n\t\t\t\t\t&lt;\/div&gt;\n\t\t\t\t&lt;\/fieldset&gt;\n\t\t\t\t\t\t\t&lt;fieldset class=&quot;fieldset-qualification&quot;&gt;\n\t\t\t\t\t&lt;label for=&quot;qualification&quot;&gt;Sertifikat(i)&lt;\/label&gt;\n\t\t\t\t\t&lt;div class=&quot;field&quot;&gt;\n\t\t\t\t\t\t&lt;input type=&quot;text&quot; class=&quot;input-text&quot; name=&quot;candidate_education_qualification_%%repeated-row-index%%&quot; id=&quot;qualification&quot; placeholder=&quot;&quot; value=&quot;&quot; maxlength=&quot;&quot; required \/&gt;\n\t\t\t\t\t&lt;\/div&gt;\n\t\t\t\t&lt;\/fieldset&gt;\n\t\t\t\t\t\t\t&lt;fieldset class=&quot;fieldset-date&quot;&gt;\n\t\t\t\t\t&lt;label for=&quot;date&quot;&gt;Datum po\u010detka\/zavr\u0161etka&lt;\/label&gt;\n\t\t\t\t\t&lt;div class=&quot;field&quot;&gt;\n\t\t\t\t\t\t&lt;input type=&quot;text&quot; class=&quot;input-text&quot; name=&quot;candidate_education_date_%%repeated-row-index%%&quot; id=&quot;date&quot; placeholder=&quot;&quot; value=&quot;&quot; maxlength=&quot;&quot; required \/&gt;\n\t\t\t\t\t&lt;\/div&gt;\n\t\t\t\t&lt;\/fieldset&gt;\n\t\t\t\t\t\t\t&lt;fieldset class=&quot;fieldset-notes&quot;&gt;\n\t\t\t\t\t&lt;label for=&quot;notes&quot;&gt;Bele\u0161ke &lt;small&gt;(opciono)&lt;\/small&gt;&lt;\/label&gt;\n\t\t\t\t\t&lt;div class=&quot;field&quot;&gt;\n\t\t\t\t\t\t&lt;textarea cols=&quot;20&quot; rows=&quot;3&quot; class=&quot;input-text&quot; name=&quot;candidate_education_notes_%%repeated-row-index%%&quot; id=&quot;notes&quot; placeholder=&quot;&quot; maxlength=&quot;&quot; &gt;&lt;\/textarea&gt;\n\t\t\t\t\t&lt;\/div&gt;\n\t\t\t\t&lt;\/fieldset&gt;\n\t\t\t\t\t&lt;\/div&gt;\n\t\t\">+ Dodajte obrazovanje<\/a>\n\t\t\t\t\t\t\t<\/div>\r\n\t\t\t\t\t\t<\/fieldset>\r\n\t\t\t\t\t\t\t\t\t\t\t\r\n\t\t\t\t\t\t<fieldset class=\"form with-line fieldset-candidate_experience\">\r\n\t\t\t\t\t\t\t<label for=\"candidate_experience\">Iskustvo <small>(opciono)<\/small><\/label>\r\n\t\t\t\t\t\t\t<div class=\"field\">\r\n\t\t\t\t\t\t\t\t\n<a href=\"#\" class=\"resume-manager-add-row\" data-row=\"\n\t\t&lt;div class=&quot;resume-manager-data-row&quot;&gt;\n\t\t\t&lt;input type=&quot;hidden&quot; class=&quot;repeated-row-index&quot; name=&quot;repeated-row-candidate_experience[]&quot; value=&quot;%%repeated-row-index%%&quot; \/&gt;\n\t\t\t&lt;a href=&quot;#&quot; class=&quot;resume-manager-remove-row&quot;&gt;&lt;i class=&quot;fa fa-close&quot;&gt;&lt;\/i&gt;&lt;\/a&gt;\n\t\t\t\t\t\t\t&lt;fieldset class=&quot;fieldset-employer&quot;&gt;\n\t\t\t\t\t&lt;label for=&quot;employer&quot;&gt;Poslodavac&lt;\/label&gt;\n\t\t\t\t\t&lt;div class=&quot;field&quot;&gt;\n\t\t\t\t\t\t&lt;input type=&quot;text&quot; class=&quot;input-text&quot; name=&quot;candidate_experience_employer_%%repeated-row-index%%&quot; id=&quot;employer&quot; placeholder=&quot;&quot; value=&quot;&quot; maxlength=&quot;&quot; required \/&gt;\n\t\t\t\t\t&lt;\/div&gt;\n\t\t\t\t&lt;\/fieldset&gt;\n\t\t\t\t\t\t\t&lt;fieldset class=&quot;fieldset-job_title&quot;&gt;\n\t\t\t\t\t&lt;label for=&quot;job_title&quot;&gt;Naziv posla&lt;\/label&gt;\n\t\t\t\t\t&lt;div class=&quot;field&quot;&gt;\n\t\t\t\t\t\t&lt;input type=&quot;text&quot; class=&quot;input-text&quot; name=&quot;candidate_experience_job_title_%%repeated-row-index%%&quot; id=&quot;job_title&quot; placeholder=&quot;&quot; value=&quot;&quot; maxlength=&quot;&quot; required \/&gt;\n\t\t\t\t\t&lt;\/div&gt;\n\t\t\t\t&lt;\/fieldset&gt;\n\t\t\t\t\t\t\t&lt;fieldset class=&quot;fieldset-date&quot;&gt;\n\t\t\t\t\t&lt;label for=&quot;date&quot;&gt;Datum po\u010detka\/zavr\u0161etka&lt;\/label&gt;\n\t\t\t\t\t&lt;div class=&quot;field&quot;&gt;\n\t\t\t\t\t\t&lt;input type=&quot;text&quot; class=&quot;input-text&quot; name=&quot;candidate_experience_date_%%repeated-row-index%%&quot; id=&quot;date&quot; placeholder=&quot;&quot; value=&quot;&quot; maxlength=&quot;&quot; required \/&gt;\n\t\t\t\t\t&lt;\/div&gt;\n\t\t\t\t&lt;\/fieldset&gt;\n\t\t\t\t\t\t\t&lt;fieldset class=&quot;fieldset-notes&quot;&gt;\n\t\t\t\t\t&lt;label for=&quot;notes&quot;&gt;Bele\u0161ke &lt;small&gt;(opciono)&lt;\/small&gt;&lt;\/label&gt;\n\t\t\t\t\t&lt;div class=&quot;field&quot;&gt;\n\t\t\t\t\t\t&lt;textarea cols=&quot;20&quot; rows=&quot;3&quot; class=&quot;input-text&quot; name=&quot;candidate_experience_notes_%%repeated-row-index%%&quot; id=&quot;notes&quot; placeholder=&quot;&quot; maxlength=&quot;&quot; &gt;&lt;\/textarea&gt;\n\t\t\t\t\t&lt;\/div&gt;\n\t\t\t\t&lt;\/fieldset&gt;\n\t\t\t\t\t&lt;\/div&gt;\n\t\t\">+ Dodajte iskustvo<\/a>\n\t\t\t\t\t\t\t<\/div>\r\n\t\t\t\t\t\t<\/fieldset>\r\n\t\t\t\t\t\t\t\t\t\t\t\r\n\t\t\t\t\t\t<fieldset class=\"form  fieldset-resume_file\">\r\n\t\t\t\t\t\t\t<label for=\"resume_file\">Fajl biografije <small>(opciono)<\/small><\/label>\r\n\t\t\t\t\t\t\t<div class=\"field\">\r\n\t\t\t\t\t\t\t\t\n<label class=\"fake-upload-btn no_ajax\">\n\t<div class=\"job-manager-uploaded-files\">\n\t\t\t<\/div>\n\t<input type=\"file\" class=\"ws-file-upload input-text\" data-file_types=\"jpg|jpeg|jpe|gif|png|bmp|tiff|tif|webp|avif|ico|heic|heif|heics|heifs|asf|asx|wmv|wmx|wm|avi|divx|flv|mov|qt|mpeg|mpg|mpe|mp4|m4v|ogv|webm|mkv|3gp|3gpp|3g2|3gp2|txt|asc|c|cc|h|srt|csv|tsv|ics|rtx|css|vtt|dfxp|mp3|m4a|m4b|aac|ra|ram|wav|ogg|oga|flac|mid|midi|wma|wax|mka|rtf|pdf|class|tar|zip|gz|gzip|rar|7z|psd|xcf|doc|pot|pps|ppt|wri|xla|xls|xlt|xlw|mdb|mpp|docx|docm|dotx|dotm|xlsx|xlsm|xlsb|xltx|xltm|xlam|pptx|pptm|ppsx|ppsm|potx|potm|ppam|sldx|sldm|onetoc|onetoc2|onetmp|onepkg|oxps|xps|odt|odp|ods|odg|odc|odb|odf|wp|wpd|key|numbers|pages|svg\"  name=\"resume_file\" id=\"resume_file\" placeholder=\"\" \/>\n    <div  class=\"upload-btn\"><i class=\"fa fa-upload\"><\/i> Otpremi<\/div>\n<\/label>\n\n\n\n<small class=\"description\">\n\t\t\tOpciono otpremite svoju biografiju da je poslodavci vide. Maks. veli\u010dina datoteke: 60 MB.\t<\/small>\t\t\t\t\t\t\t<\/div>\r\n\t\t\t\t\t\t<\/fieldset>\r\n\t\t\t\t\t\t\t\t\t<\/div>\r\n\t\t\t<\/div>\r\n\t\t<\/div>\r\n\t\t\r\n\t\t<p class=\"send-btn-border\">\r\n\t\t\t<input type=\"hidden\" id=\"_wpnonce\" name=\"_wpnonce\" value=\"7894f8f42d\" \/><input type=\"hidden\" name=\"_wp_http_referer\" value=\"\/sr\/wp-json\/wp\/v2\/pages\/6603\" \/>\t\t\t<input type=\"hidden\" name=\"resume_manager_form\" value=\"submit-resume\" \/>\r\n\t\t\t<input type=\"hidden\" name=\"resume_id\" value=\"0\" \/>\r\n\t\t\t<input type=\"hidden\" name=\"job_id\" value=\"0\" \/>\r\n\t\t\t<input type=\"hidden\" name=\"step\" value=\"0\" \/>\r\n\t\t\t<input type=\"submit\" name=\"submit_resume\" class=\"button big\" value=\"Preview &rarr;\" \/>\r\n\t\t<\/p>\r\n\r\n\t\r\n\t<\/form>\n","protected":false},"excerpt":{"rendered":"","protected":false},"author":1,"featured_media":0,"parent":0,"menu_order":0,"comment_status":"closed","ping_status":"closed","template":"template-dashboard.php","meta":{"_acf_changed":false,"_monsterinsights_skip_tracking":false,"_monsterinsights_sitenote_active":false,"_monsterinsights_sitenote_note":"","_monsterinsights_sitenote_category":0,"_uf_show_specific_survey":0,"_uf_disable_surveys":false,"footnotes":""},"class_list":["post-6603","page","type-page","status-publish","hentry"],"acf":[],"yoast_head":"<!-- This site is optimized with the Yoast SEO plugin v24.0 - https:\/\/yoast.com\/wordpress\/plugins\/seo\/ -->\n<title>Dodajte biografiju - WebTech Xchange<\/title>\n<meta name=\"robots\" content=\"noindex, follow, max-snippet:-1, max-image-preview:large, max-video-preview:-1\" \/>\n<meta property=\"og:locale\" content=\"sr_RS\" \/>\n<meta property=\"og:type\" content=\"article\" \/>\n<meta property=\"og:title\" content=\"Dodajte biografiju - WebTech Xchange\" \/>\n<meta property=\"og:url\" content=\"https:\/\/webtechxchange.izseoconsulting.com\/sr\/posalji-rezime\/\" \/>\n<meta property=\"og:site_name\" content=\"WebTech Xchange\" \/>\n<meta property=\"article:modified_time\" content=\"2024-09-05T12:45:26+00:00\" \/>\n<meta name=\"twitter:card\" content=\"summary_large_image\" \/>\n<meta name=\"twitter:label1\" content=\"Est. reading time\" \/>\n\t<meta name=\"twitter:data1\" content=\"1 minut\" \/>\n<script type=\"application\/ld+json\" class=\"yoast-schema-graph\">{\"@context\":\"https:\/\/schema.org\",\"@graph\":[{\"@type\":\"WebPage\",\"@id\":\"https:\/\/webtechxchange.izseoconsulting.com\/sr\/posalji-rezime\/\",\"url\":\"https:\/\/webtechxchange.izseoconsulting.com\/sr\/posalji-rezime\/\",\"name\":\"Dodajte biografiju - WebTech Xchange\",\"isPartOf\":{\"@id\":\"https:\/\/webtechxchange.izseoconsulting.com\/#website\"},\"datePublished\":\"2015-10-21T23:53:59+00:00\",\"dateModified\":\"2024-09-05T12:45:26+00:00\",\"breadcrumb\":{\"@id\":\"https:\/\/webtechxchange.izseoconsulting.com\/sr\/posalji-rezime\/#breadcrumb\"},\"inLanguage\":\"sr-RS\",\"potentialAction\":[{\"@type\":\"ReadAction\",\"target\":[\"https:\/\/webtechxchange.izseoconsulting.com\/sr\/posalji-rezime\/\"]}]},{\"@type\":\"BreadcrumbList\",\"@id\":\"https:\/\/webtechxchange.izseoconsulting.com\/sr\/posalji-rezime\/#breadcrumb\",\"itemListElement\":[{\"@type\":\"ListItem\",\"position\":1,\"name\":\"Po\u010detna\",\"item\":\"https:\/\/webtechxchange.izseoconsulting.com\/sr\/\"},{\"@type\":\"ListItem\",\"position\":2,\"name\":\"Dodajte biografiju\"}]},{\"@type\":\"WebSite\",\"@id\":\"https:\/\/webtechxchange.izseoconsulting.com\/#website\",\"url\":\"https:\/\/webtechxchange.izseoconsulting.com\/\",\"name\":\"WebTech Xchange\",\"description\":\"\",\"potentialAction\":[{\"@type\":\"SearchAction\",\"target\":{\"@type\":\"EntryPoint\",\"urlTemplate\":\"https:\/\/webtechxchange.izseoconsulting.com\/?s={search_term_string}\"},\"query-input\":{\"@type\":\"PropertyValueSpecification\",\"valueRequired\":true,\"valueName\":\"search_term_string\"}}],\"inLanguage\":\"sr-RS\"}]}<\/script>\n<!-- \/ Yoast SEO plugin. -->","yoast_head_json":{"title":"Dodajte biografiju - WebTech Xchange","robots":{"index":"noindex","follow":"follow","max-snippet":"max-snippet:-1","max-image-preview":"max-image-preview:large","max-video-preview":"max-video-preview:-1"},"og_locale":"sr_RS","og_type":"article","og_title":"Dodajte biografiju - WebTech Xchange","og_url":"https:\/\/webtechxchange.izseoconsulting.com\/sr\/posalji-rezime\/","og_site_name":"WebTech Xchange","article_modified_time":"2024-09-05T12:45:26+00:00","twitter_card":"summary_large_image","twitter_misc":{"Est. reading time":"1 minut"},"schema":{"@context":"https:\/\/schema.org","@graph":[{"@type":"WebPage","@id":"https:\/\/webtechxchange.izseoconsulting.com\/sr\/posalji-rezime\/","url":"https:\/\/webtechxchange.izseoconsulting.com\/sr\/posalji-rezime\/","name":"Dodajte biografiju - WebTech Xchange","isPartOf":{"@id":"https:\/\/webtechxchange.izseoconsulting.com\/#website"},"datePublished":"2015-10-21T23:53:59+00:00","dateModified":"2024-09-05T12:45:26+00:00","breadcrumb":{"@id":"https:\/\/webtechxchange.izseoconsulting.com\/sr\/posalji-rezime\/#breadcrumb"},"inLanguage":"sr-RS","potentialAction":[{"@type":"ReadAction","target":["https:\/\/webtechxchange.izseoconsulting.com\/sr\/posalji-rezime\/"]}]},{"@type":"BreadcrumbList","@id":"https:\/\/webtechxchange.izseoconsulting.com\/sr\/posalji-rezime\/#breadcrumb","itemListElement":[{"@type":"ListItem","position":1,"name":"Po\u010detna","item":"https:\/\/webtechxchange.izseoconsulting.com\/sr\/"},{"@type":"ListItem","position":2,"name":"Dodajte biografiju"}]},{"@type":"WebSite","@id":"https:\/\/webtechxchange.izseoconsulting.com\/#website","url":"https:\/\/webtechxchange.izseoconsulting.com\/","name":"WebTech Xchange","description":"","potentialAction":[{"@type":"SearchAction","target":{"@type":"EntryPoint","urlTemplate":"https:\/\/webtechxchange.izseoconsulting.com\/?s={search_term_string}"},"query-input":{"@type":"PropertyValueSpecification","valueRequired":true,"valueName":"search_term_string"}}],"inLanguage":"sr-RS"}]}},"_links":{"self":[{"href":"https:\/\/webtechxchange.izseoconsulting.com\/sr\/wp-json\/wp\/v2\/pages\/6603","targetHints":{"allow":["GET"]}}],"collection":[{"href":"https:\/\/webtechxchange.izseoconsulting.com\/sr\/wp-json\/wp\/v2\/pages"}],"about":[{"href":"https:\/\/webtechxchange.izseoconsulting.com\/sr\/wp-json\/wp\/v2\/types\/page"}],"author":[{"embeddable":true,"href":"https:\/\/webtechxchange.izseoconsulting.com\/sr\/wp-json\/wp\/v2\/users\/1"}],"replies":[{"embeddable":true,"href":"https:\/\/webtechxchange.izseoconsulting.com\/sr\/wp-json\/wp\/v2\/comments?post=6603"}],"version-history":[{"count":3,"href":"https:\/\/webtechxchange.izseoconsulting.com\/sr\/wp-json\/wp\/v2\/pages\/6603\/revisions"}],"predecessor-version":[{"id":7073,"href":"https:\/\/webtechxchange.izseoconsulting.com\/sr\/wp-json\/wp\/v2\/pages\/6603\/revisions\/7073"}],"wp:attachment":[{"href":"https:\/\/webtechxchange.izseoconsulting.com\/sr\/wp-json\/wp\/v2\/media?parent=6603"}],"curies":[{"name":"wp","href":"https:\/\/api.w.org\/{rel}","templated":true}]}}