{"id":6660,"date":"2021-11-15T12:31:58","date_gmt":"2021-11-15T12:31:58","guid":{"rendered":"https:\/\/webtechxchange.izseoconsulting.com\/posalji-kompanija\/"},"modified":"2024-09-17T12:58:09","modified_gmt":"2024-09-17T12:58:09","slug":"posalji-kompanija","status":"publish","type":"page","link":"https:\/\/webtechxchange.izseoconsulting.com\/sr\/posalji-kompanija\/","title":{"rendered":"Dodajte kompaniju"},"content":{"rendered":"<form action=\"\/sr\/wp-json\/wp\/v2\/pages\/6660\" method=\"post\" id=\"submit-company-form\" class=\"company-manager-form\" enctype=\"multipart\/form-data\">\n\n\t\n\t\n\t\t<fieldset>\r\n\t<div class=\"notification notice closeable margin-bottom-40\">\r\n\t\t\r\n\t\t<p><span>Imate nalog?<\/span>\r\n\r\n\t\t\t\r\n\t\t\t\tAko nemate nalog, mo\u017eete ga kreirati ispod unosom svoje adrese e-po\u0161te \/ korisni\u010dkog imena.\nDetalji o va\u0161em nalogu \u0107e biti potvr\u0111eni putem e-po\u0161te. \r\n\t\t\t\t\t<\/p> \r\n\t\t<a class=\"button\" href=\"https:\/\/webtechxchange.izseoconsulting.com\/dashboard-page\/\">Upi\u0161i se<\/a>\r\n\t<\/div>\r\n\t<\/fieldset>\r\n\t\t\t\t<fieldset class=\"fieldset-create_account_email\">\r\n\t\t\t\t<label\r\n\t\t\t\t\tfor=\"create_account_email\">Va\u0161 email<\/label>\r\n\t\t\t\t<div class=\"field required-field\">\r\n\t\t\t\t\t<input type=\"text\" class=\"input-text\" name=\"create_account_email\" id=\"create_account_email\" placeholder=\"you@yourdomain.com\" value=\"\" maxlength=\"\" required \/>\n\t\t\t\t<\/div>\r\n\t\t\t<\/fieldset>\r\n\t\t\t\r\n\n\t\n\t<div class=\"dashboard-list-box\">\n\t\t<div class=\"dashboard-box\">\n\n\t\t\t<div class=\"headline\">\n\t\t\t\t<h3><i class=\"icon-feather-folder-plus\"><\/i> Detalji kompanije<\/h3>\n\t\t\t<\/div>\n\t\t\t\n\t\t\t<!-- Company Fields -->\n\t\t\t\t\t\t<div class=\"submit-page\">\n\t\t\t\t\t\t\t\t<fieldset class=\"form fieldset-company_name fieldset-type-text\">\n\t\t\t\t\t<label for=\"company_name\">Naziv kompanije*<\/label>\n\t\t\t\t\t<div class=\"field\">\n\t\t\t\t\t\t<input type=\"text\" class=\"input-text\" name=\"company_name\" id=\"company_name\" placeholder=\"Company full name\" value=\"\" maxlength=\"\" required \/>\n\t\t\t\t\t<\/div>\n\t\t\t\t<\/fieldset>\n\t\t\t\t\t\t\t\t<fieldset class=\"form fieldset-company_tagline fieldset-type-text\">\n\t\t\t\t\t<label for=\"company_tagline\">Slogan kompanije <small>(opciono)<\/small><\/label>\n\t\t\t\t\t<div class=\"field\">\n\t\t\t\t\t\t<input type=\"text\" class=\"input-text\" name=\"company_tagline\" id=\"company_tagline\" placeholder=\"Slogan kompanije\" value=\"\" maxlength=\"\"  \/>\n\t\t\t\t\t<\/div>\n\t\t\t\t<\/fieldset>\n\t\t\t\t\t\t\t\t<fieldset class=\"form fieldset-company_location fieldset-type-text\">\n\t\t\t\t\t<label for=\"company_location\">Sedi\u0161te <small>(opciono)<\/small><\/label>\n\t\t\t\t\t<div class=\"field\">\n\t\t\t\t\t\t<input type=\"text\" class=\"input-text\" name=\"company_location\" id=\"company_location\" placeholder=\"npr. &quot;London&quot;\" value=\"\" maxlength=\"\"  \/>\n<small class=\"description\">Ostavite ovo prazno ako lokacija sedi\u0161ta nije va\u017ena<\/small>\t\t\t\t\t<\/div>\n\t\t\t\t<\/fieldset>\n\t\t\t\t\t\t\t\t<fieldset class=\"form fieldset-geolocation_lat fieldset-type-text\">\n\t\t\t\t\t<label for=\"geolocation_lat\">Geografska \u0161irina <small>(opciono)<\/small><\/label>\n\t\t\t\t\t<div class=\"field\">\n\t\t\t\t\t\t<input type=\"text\" class=\"input-text\" name=\"geolocation_lat\" id=\"geolocation_lat\" placeholder=\"\" value=\"\" maxlength=\"\"  \/>\n\t\t\t\t\t<\/div>\n\t\t\t\t<\/fieldset>\n\t\t\t\t\t\t\t\t<fieldset class=\"form fieldset-geolocation_long fieldset-type-text\">\n\t\t\t\t\t<label for=\"geolocation_long\">Zemljopisna du\u017eina <small>(opciono)<\/small><\/label>\n\t\t\t\t\t<div class=\"field\">\n\t\t\t\t\t\t<input type=\"text\" class=\"input-text\" name=\"geolocation_long\" id=\"geolocation_long\" placeholder=\"\" value=\"\" maxlength=\"\"  \/>\n\t\t\t\t\t<\/div>\n\t\t\t\t<\/fieldset>\n\t\t\t\t\t\t\t\t<fieldset class=\"form fieldset-company_logo fieldset-type-file\">\n\t\t\t\t\t<label for=\"company_logo\">Logo kompanije <small>(opciono)<\/small><\/label>\n\t\t\t\t\t<div class=\"field\">\n\t\t\t\t\t\t\n<label class=\"fake-upload-btn no_ajax\">\n\t<div class=\"job-manager-uploaded-files\">\n\t\t\t<\/div>\n\t<input type=\"file\" class=\"ws-file-upload input-text\" data-file_types=\"jpg|jpeg|gif|png\"  name=\"company_logo\" id=\"company_logo\" placeholder=\"\" \/>\n    <div  class=\"upload-btn\"><i class=\"fa fa-upload\"><\/i> Otpremi<\/div>\n<\/label>\n\n\n\n<small class=\"description\">\n\t\t\tMaksimalna veli\u010dina datoteke: 60 MB.\t<\/small>\t\t\t\t\t<\/div>\n\t\t\t\t<\/fieldset>\n\t\t\t\t\t\t\t\t<fieldset class=\"form fieldset-company_video fieldset-type-text\">\n\t\t\t\t\t<label for=\"company_video\">Video <small>(opciono)<\/small><\/label>\n\t\t\t\t\t<div class=\"field\">\n\t\t\t\t\t\t<input type=\"text\" class=\"input-text\" name=\"company_video\" id=\"company_video\" placeholder=\"Link do videa o sebi\" value=\"\" maxlength=\"\"  \/>\n\t\t\t\t\t<\/div>\n\t\t\t\t<\/fieldset>\n\t\t\t\t\t\t\t\t<fieldset class=\"form fieldset-company_since fieldset-type-date\">\n\t\t\t\t\t<label for=\"company_since\">Od <small>(opciono)<\/small><\/label>\n\t\t\t\t\t<div class=\"field\">\n\t\t\t\t\t\t<input type=\"text\" class=\"input-date job-manager-datepicker\" name=\"company_since\" id=\"company_since\" placeholder=\"Datum\/godina osnivanja\" value=\"\"  \/>\n\t\t\t\t\t<\/div>\n\t\t\t\t<\/fieldset>\n\t\t\t\t\t\t\t\t<fieldset class=\"form fieldset-company_website fieldset-type-text\">\n\t\t\t\t\t<label for=\"company_website\">Website kompanije <small>(opciono)<\/small><\/label>\n\t\t\t\t\t<div class=\"field\">\n\t\t\t\t\t\t<input type=\"text\" class=\"input-text\" name=\"company_website\" id=\"company_website\" placeholder=\"Website kompanije\" value=\"\" maxlength=\"\"  \/>\n\t\t\t\t\t<\/div>\n\t\t\t\t<\/fieldset>\n\t\t\t\t\t\t\t\t<fieldset class=\"form fieldset-company_email fieldset-type-text\">\n\t\t\t\t\t<label for=\"company_email\">Email <small>(opciono)<\/small><\/label>\n\t\t\t\t\t<div class=\"field\">\n\t\t\t\t\t\t<input type=\"text\" class=\"input-text\" name=\"company_email\" id=\"company_email\" placeholder=\"you@yourdomain.com\" value=\"\" maxlength=\"\"  \/>\n\t\t\t\t\t<\/div>\n\t\t\t\t<\/fieldset>\n\t\t\t\t\t\t\t\t<fieldset class=\"form fieldset-company_phone fieldset-type-text\">\n\t\t\t\t\t<label for=\"company_phone\">Telefon <small>(opciono)<\/small><\/label>\n\t\t\t\t\t<div class=\"field\">\n\t\t\t\t\t\t<input type=\"text\" class=\"input-text\" name=\"company_phone\" id=\"company_phone\" placeholder=\"Broj telefona\" value=\"\" maxlength=\"\"  \/>\n\t\t\t\t\t<\/div>\n\t\t\t\t<\/fieldset>\n\t\t\t\t\t\t\t\t<fieldset class=\"form fieldset-company_twitter fieldset-type-text\">\n\t\t\t\t\t<label for=\"company_twitter\">Twitter <small>(opciono)<\/small><\/label>\n\t\t\t\t\t<div class=\"field\">\n\t\t\t\t\t\t<input type=\"text\" class=\"input-text\" name=\"company_twitter\" id=\"company_twitter\" placeholder=\"URL Tvitter stranice\" value=\"\" maxlength=\"\"  \/>\n\t\t\t\t\t<\/div>\n\t\t\t\t<\/fieldset>\n\t\t\t\t\t\t\t\t<fieldset class=\"form fieldset-company_facebook fieldset-type-text\">\n\t\t\t\t\t<label for=\"company_facebook\">Facebook <small>(opciono)<\/small><\/label>\n\t\t\t\t\t<div class=\"field\">\n\t\t\t\t\t\t<input type=\"text\" class=\"input-text\" name=\"company_facebook\" id=\"company_facebook\" placeholder=\"URL Facebook stranice\" value=\"\" maxlength=\"\"  \/>\n\t\t\t\t\t<\/div>\n\t\t\t\t<\/fieldset>\n\t\t\t\t\t\t\t\t<fieldset class=\"form fieldset-company_category fieldset-type-term-select\">\n\t\t\t\t\t<label for=\"company_category\">Industrija <small>(opciono)<\/small><\/label>\n\t\t\t\t\t<div class=\"field\">\n\t\t\t\t\t\t<select  name='company_category' id='company_category' class='select2-single'>\n\t<option value='-1'>&#8211;<\/option>\n\t<option class=\"level-0\" value=\"75\">Technology<\/option>\n<\/select>\n\t\t\t\t\t<\/div>\n\t\t\t\t<\/fieldset>\n\t\t\t\t\t\t\t\t<fieldset class=\"form fieldset-company_strength fieldset-type-term-select\">\n\t\t\t\t\t<label for=\"company_strength\">Veli\u010dina kompanije <small>(opciono)<\/small><\/label>\n\t\t\t\t\t<div class=\"field\">\n\t\t\t\t\t\t<select  name='company_strength' id='company_strength' class='select2-single'>\n\t<option value='-1'>&#8211;<\/option>\n\t<option class=\"level-0\" value=\"76\">1-5<\/option>\n\t<option class=\"level-0\" value=\"82\">15-30<\/option>\n\t<option class=\"level-0\" value=\"87\">30-50<\/option>\n\t<option class=\"level-0\" value=\"78\">50+<\/option>\n<\/select>\n\t\t\t\t\t<\/div>\n\t\t\t\t<\/fieldset>\n\t\t\t\t\t\t\t\t<fieldset class=\"form fieldset-company_average_salary fieldset-type-term-select\">\n\t\t\t\t\t<label for=\"company_average_salary\">Prose\u010dna plata <small>(opciono)<\/small><\/label>\n\t\t\t\t\t<div class=\"field\">\n\t\t\t\t\t\t<select  name='company_average_salary' id='company_average_salary' class='select2-single'>\n\t<option value='-1'>&#8211;<\/option>\n\t<option class=\"level-0\" value=\"77\">$15-$20k<\/option>\n\t<option class=\"level-0\" value=\"86\">$20-$30k<\/option>\n\t<option class=\"level-0\" value=\"84\">$40k-$50k<\/option>\n\t<option class=\"level-0\" value=\"79\">$50k+<\/option>\n<\/select>\n\t\t\t\t\t<\/div>\n\t\t\t\t<\/fieldset>\n\t\t\t\t\t\t\t\t<fieldset class=\"form fieldset-company_revenue fieldset-type-term-select\">\n\t\t\t\t\t<label for=\"company_revenue\">Prihod kompanije <small>(opciono)<\/small><\/label>\n\t\t\t\t\t<div class=\"field\">\n\t\t\t\t\t\t<select  name='company_revenue' id='company_revenue' class='select2-single'>\n\t<option value='-1'>&#8211;<\/option>\n\t<option class=\"level-0\" value=\"80\">$100k<\/option>\n\t<option class=\"level-0\" value=\"83\">$50k<\/option>\n<\/select>\n\t\t\t\t\t<\/div>\n\t\t\t\t<\/fieldset>\n\t\t\t\t\t\t\t\t<fieldset class=\"form fieldset-company_excerpt fieldset-type-textarea\">\n\t\t\t\t\t<label for=\"company_excerpt\">Kratak opis <small>(opciono)<\/small><\/label>\n\t\t\t\t\t<div class=\"field\">\n\t\t\t\t\t\t<textarea cols=\"20\" rows=\"3\" class=\"input-text\" name=\"company_excerpt\" id=\"company_excerpt\" placeholder=\"\" maxlength=\"\" ><\/textarea>\n\t\t\t\t\t<\/div>\n\t\t\t\t<\/fieldset>\n\t\t\t\t\t\t\t\t<fieldset class=\"form fieldset-company_content fieldset-type-wp-editor\">\n\t\t\t\t\t<label for=\"company_content\">Opis kompanije <small>(opciono)<\/small><\/label>\n\t\t\t\t\t<div class=\"field\">\n\t\t\t\t\t\t<div id=\"wp-company_content-wrap\" class=\"wp-core-ui wp-editor-wrap tmce-active\"><link rel='stylesheet' id='dashicons-css' href='https:\/\/webtechxchange.izseoconsulting.com\/wp-includes\/css\/dashicons.min.css?ver=6.7.5' type='text\/css' media='all' \/>\n<link rel='stylesheet' id='editor-buttons-css' href='https:\/\/webtechxchange.izseoconsulting.com\/wp-includes\/css\/editor.min.css?ver=6.7.5' type='text\/css' media='all' \/>\n<style> .mce-top-part button { background-color: rgba(0,0,0,0.0) !important; } <\/style>\n<div id=\"wp-company_content-editor-container\" class=\"wp-editor-container\"><textarea class=\"wp-editor-area\" rows=\"8\" autocomplete=\"off\" cols=\"40\" name=\"company_content\" id=\"company_content\"><\/textarea><\/div>\n<\/div>\n\n\t\t\t\t\t<\/div>\n\t\t\t\t<\/fieldset>\n\t\t\t\t\t\t\t\t<fieldset class=\"form fieldset-header_image fieldset-type-file\">\n\t\t\t\t\t<label for=\"header_image\">Slika zaglavlja <small>(opciono)<\/small><\/label>\n\t\t\t\t\t<div class=\"field\">\n\t\t\t\t\t\t\n<label class=\"fake-upload-btn no_ajax\">\n\t<div class=\"job-manager-uploaded-files\">\n\t\t\t<\/div>\n\t<input type=\"file\" class=\"ws-file-upload input-text\" data-file_types=\"jpg|jpeg|gif|png\"  name=\"header_image\" id=\"header_image\" placeholder=\"\" \/>\n    <div  class=\"upload-btn\"><i class=\"fa fa-upload\"><\/i> Otpremi<\/div>\n<\/label>\n\n\n\n<small class=\"description\">\n\t\t\tMaksimalna veli\u010dina datoteke: 60 MB.\t<\/small>\t\t\t\t\t<\/div>\n\t\t\t\t<\/fieldset>\n\t\t\t\t\n\t\t\t\t\n\t\t\t\t<!-- Custom PIB Field -->\n\t\t\t\t<!-- Custom PIB Field -->\n\t\t\t\t<fieldset class=\"form fieldset-pib fieldset-type-text\">\n\t\t\t\t\t<label for=\"company_pib\">PIB<\/label>\n\t\t\t\t\t<div class=\"field\">\n\t\t\t\t\t\t<input type=\"text\" maxlength=\"9\" minlength=\"9\" class=\"input-text\" name=\"company_pib\" id=\"company_pib\" placeholder=\"PIB\" oninput=\"validateNumberInput(this, 9)\" pattern=\"\\d{9}\" value=\"\">\n\t\t\t\t\t<\/div>\n\t\t\t\t<\/fieldset>\n\n\t\t\t\t<!-- Custom Mati\u010dni Broj Field -->\n\t\t\t\t<fieldset class=\"form fieldset-mat-br fieldset-type-text\">\n\t\t\t\t\t<label for=\"company_maticni_broj\">Mati\u010dni broj<\/label>\n\t\t\t\t\t<div class=\"field\">\n\t\t\t\t\t\t<input type=\"text\" maxlength=\"8\" minlength=\"8\" class=\"input-text\" name=\"company_maticni_broj\" id=\"company_maticni_broj\" placeholder=\"Mati\u010dni broj\" oninput=\"validateNumberInput(this, 8)\" pattern=\"\\d{8}\" value=\"\">\n\t\t\t\t\t<\/div>\n\t\t\t\t<\/fieldset>\n\n\t\t\t\t<p>PIB Saved Value: <\/p>\n\t\t\t\t<p>Mati\u010dni Broj Saved Value: <\/p>\n\t\t\t\t<p>Debug Company ID: Not Set<\/p>\n\n\n\n\t\t\t\t\n\n\t\t\t<\/div>\n\t\t\t\t\t<\/div>\n\t<\/div>\n\t<p class=\"send-btn-border\">\n\t\t<input type=\"hidden\" id=\"_wpnonce\" name=\"_wpnonce\" value=\"7894f8f42d\" \/><input type=\"hidden\" name=\"_wp_http_referer\" value=\"\/sr\/wp-json\/wp\/v2\/pages\/6660\" \/>\t\t<input type=\"hidden\" name=\"company_manager_form\" value=\"submit-company\" \/>\n\t\t<input type=\"hidden\" name=\"company_id\" value=\"0\" \/>\n\t\t<input type=\"hidden\" name=\"step\" value=\"0\" \/>\n\t\t<input type=\"submit\" name=\"submit_company\" class=\"button\" value=\"Preview &rarr;\" \/>\n\t<\/p>\n\n\t\n\t<\/form>\n\n<script>\n\tfunction validateNumberInput(input, maxDigits) {\n\t\t\/\/ Remove non-numeric characters\n\t\tinput.value = input.value.replace(\/\\D\/g, '');\n\n\t\t\/\/ Limit to the specified number of digits\n\t\tif (input.value.length > maxDigits) {\n\t\t\tinput.value = input.value.slice(0, maxDigits);\n\t\t}\n\t}\n\n\n<\/script>","protected":false},"excerpt":{"rendered":"","protected":false},"author":1,"featured_media":0,"parent":0,"menu_order":0,"comment_status":"closed","ping_status":"closed","template":"template-dashboard.php","meta":{"_acf_changed":false,"_monsterinsights_skip_tracking":false,"_monsterinsights_sitenote_active":false,"_monsterinsights_sitenote_note":"","_monsterinsights_sitenote_category":0,"_uf_show_specific_survey":0,"_uf_disable_surveys":false,"footnotes":""},"class_list":["post-6660","page","type-page","status-publish","hentry"],"acf":[],"yoast_head":"<!-- This site is optimized with the Yoast SEO plugin v24.0 - https:\/\/yoast.com\/wordpress\/plugins\/seo\/ -->\n<title>Dodajte kompaniju - WebTech Xchange<\/title>\n<meta name=\"robots\" content=\"noindex, follow, max-snippet:-1, max-image-preview:large, max-video-preview:-1\" \/>\n<meta property=\"og:locale\" content=\"sr_RS\" \/>\n<meta property=\"og:type\" content=\"article\" \/>\n<meta property=\"og:title\" content=\"Dodajte kompaniju - WebTech Xchange\" \/>\n<meta property=\"og:url\" content=\"https:\/\/webtechxchange.izseoconsulting.com\/sr\/posalji-kompanija\/\" \/>\n<meta property=\"og:site_name\" content=\"WebTech Xchange\" \/>\n<meta property=\"article:modified_time\" content=\"2024-09-17T12:58:09+00:00\" \/>\n<meta name=\"twitter:card\" content=\"summary_large_image\" \/>\n<meta name=\"twitter:label1\" content=\"Est. reading time\" \/>\n\t<meta name=\"twitter:data1\" content=\"1 minut\" \/>\n<script type=\"application\/ld+json\" class=\"yoast-schema-graph\">{\"@context\":\"https:\/\/schema.org\",\"@graph\":[{\"@type\":\"WebPage\",\"@id\":\"https:\/\/webtechxchange.izseoconsulting.com\/sr\/posalji-kompanija\/\",\"url\":\"https:\/\/webtechxchange.izseoconsulting.com\/sr\/posalji-kompanija\/\",\"name\":\"Dodajte kompaniju - WebTech Xchange\",\"isPartOf\":{\"@id\":\"https:\/\/webtechxchange.izseoconsulting.com\/#website\"},\"datePublished\":\"2021-11-15T12:31:58+00:00\",\"dateModified\":\"2024-09-17T12:58:09+00:00\",\"breadcrumb\":{\"@id\":\"https:\/\/webtechxchange.izseoconsulting.com\/sr\/posalji-kompanija\/#breadcrumb\"},\"inLanguage\":\"sr-RS\",\"potentialAction\":[{\"@type\":\"ReadAction\",\"target\":[\"https:\/\/webtechxchange.izseoconsulting.com\/sr\/posalji-kompanija\/\"]}]},{\"@type\":\"BreadcrumbList\",\"@id\":\"https:\/\/webtechxchange.izseoconsulting.com\/sr\/posalji-kompanija\/#breadcrumb\",\"itemListElement\":[{\"@type\":\"ListItem\",\"position\":1,\"name\":\"Po\u010detna\",\"item\":\"https:\/\/webtechxchange.izseoconsulting.com\/sr\/\"},{\"@type\":\"ListItem\",\"position\":2,\"name\":\"Dodajte kompaniju\"}]},{\"@type\":\"WebSite\",\"@id\":\"https:\/\/webtechxchange.izseoconsulting.com\/#website\",\"url\":\"https:\/\/webtechxchange.izseoconsulting.com\/\",\"name\":\"WebTech Xchange\",\"description\":\"\",\"potentialAction\":[{\"@type\":\"SearchAction\",\"target\":{\"@type\":\"EntryPoint\",\"urlTemplate\":\"https:\/\/webtechxchange.izseoconsulting.com\/?s={search_term_string}\"},\"query-input\":{\"@type\":\"PropertyValueSpecification\",\"valueRequired\":true,\"valueName\":\"search_term_string\"}}],\"inLanguage\":\"sr-RS\"}]}<\/script>\n<!-- \/ Yoast SEO plugin. -->","yoast_head_json":{"title":"Dodajte kompaniju - WebTech Xchange","robots":{"index":"noindex","follow":"follow","max-snippet":"max-snippet:-1","max-image-preview":"max-image-preview:large","max-video-preview":"max-video-preview:-1"},"og_locale":"sr_RS","og_type":"article","og_title":"Dodajte kompaniju - WebTech Xchange","og_url":"https:\/\/webtechxchange.izseoconsulting.com\/sr\/posalji-kompanija\/","og_site_name":"WebTech Xchange","article_modified_time":"2024-09-17T12:58:09+00:00","twitter_card":"summary_large_image","twitter_misc":{"Est. reading time":"1 minut"},"schema":{"@context":"https:\/\/schema.org","@graph":[{"@type":"WebPage","@id":"https:\/\/webtechxchange.izseoconsulting.com\/sr\/posalji-kompanija\/","url":"https:\/\/webtechxchange.izseoconsulting.com\/sr\/posalji-kompanija\/","name":"Dodajte kompaniju - WebTech Xchange","isPartOf":{"@id":"https:\/\/webtechxchange.izseoconsulting.com\/#website"},"datePublished":"2021-11-15T12:31:58+00:00","dateModified":"2024-09-17T12:58:09+00:00","breadcrumb":{"@id":"https:\/\/webtechxchange.izseoconsulting.com\/sr\/posalji-kompanija\/#breadcrumb"},"inLanguage":"sr-RS","potentialAction":[{"@type":"ReadAction","target":["https:\/\/webtechxchange.izseoconsulting.com\/sr\/posalji-kompanija\/"]}]},{"@type":"BreadcrumbList","@id":"https:\/\/webtechxchange.izseoconsulting.com\/sr\/posalji-kompanija\/#breadcrumb","itemListElement":[{"@type":"ListItem","position":1,"name":"Po\u010detna","item":"https:\/\/webtechxchange.izseoconsulting.com\/sr\/"},{"@type":"ListItem","position":2,"name":"Dodajte kompaniju"}]},{"@type":"WebSite","@id":"https:\/\/webtechxchange.izseoconsulting.com\/#website","url":"https:\/\/webtechxchange.izseoconsulting.com\/","name":"WebTech Xchange","description":"","potentialAction":[{"@type":"SearchAction","target":{"@type":"EntryPoint","urlTemplate":"https:\/\/webtechxchange.izseoconsulting.com\/?s={search_term_string}"},"query-input":{"@type":"PropertyValueSpecification","valueRequired":true,"valueName":"search_term_string"}}],"inLanguage":"sr-RS"}]}},"_links":{"self":[{"href":"https:\/\/webtechxchange.izseoconsulting.com\/sr\/wp-json\/wp\/v2\/pages\/6660","targetHints":{"allow":["GET"]}}],"collection":[{"href":"https:\/\/webtechxchange.izseoconsulting.com\/sr\/wp-json\/wp\/v2\/pages"}],"about":[{"href":"https:\/\/webtechxchange.izseoconsulting.com\/sr\/wp-json\/wp\/v2\/types\/page"}],"author":[{"embeddable":true,"href":"https:\/\/webtechxchange.izseoconsulting.com\/sr\/wp-json\/wp\/v2\/users\/1"}],"replies":[{"embeddable":true,"href":"https:\/\/webtechxchange.izseoconsulting.com\/sr\/wp-json\/wp\/v2\/comments?post=6660"}],"version-history":[{"count":3,"href":"https:\/\/webtechxchange.izseoconsulting.com\/sr\/wp-json\/wp\/v2\/pages\/6660\/revisions"}],"predecessor-version":[{"id":7031,"href":"https:\/\/webtechxchange.izseoconsulting.com\/sr\/wp-json\/wp\/v2\/pages\/6660\/revisions\/7031"}],"wp:attachment":[{"href":"https:\/\/webtechxchange.izseoconsulting.com\/sr\/wp-json\/wp\/v2\/media?parent=6660"}],"curies":[{"name":"wp","href":"https:\/\/api.w.org\/{rel}","templated":true}]}}